{"id":738,"date":"2026-01-08T10:52:51","date_gmt":"2026-01-08T10:52:51","guid":{"rendered":"https:\/\/www.zscelakovice.cz\/_new\/?page_id=738"},"modified":"2026-01-16T10:03:40","modified_gmt":"2026-01-16T10:03:40","slug":"kontakt","status":"publish","type":"page","link":"https:\/\/www.zscelakovice.cz\/_new\/index.php\/kontakt\/","title":{"rendered":"Kontakt"},"content":{"rendered":"\n<p>Z\u0160 \u010cel\u00e1kovice, J. A. Komensk\u00e9ho 414, p\u0159\u00edsp\u011bvkov\u00e1 organizace<br>s\u00eddlo: J. A. Komensk\u00e9ho 414, \u010cel\u00e1kovice, PS\u010c 250 88<\/p>\n\n\n\n<p><strong>I\u010cO:<\/strong><br>00876275<\/p>\n\n\n\n<p><strong>IZO:<\/strong><br>108003892<\/p>\n\n\n\n<p><strong>Red IZO:<\/strong><br>600052010<\/p>\n\n\n\n<p><strong>Telefony:<\/strong><\/p>\n\n\n\n<p><strong>Sekretari\u00e1t:<\/strong><br><a href=\"tel:326998211\">326 998 211<\/a><\/p>\n\n\n\n<p><strong>\u0158editel:<\/strong><br><a href=\"tel:326998205\">326 998 205<\/a><\/p>\n\n\n\n<p><strong>Vedouc\u00ed j\u00eddelny:<\/strong><br><a href=\"tel:326998226\">326 998 226<\/a><\/p>\n\n\n\n<p><strong>Stravenky:<\/strong><br><a href=\"tel:326998216\">326 998 216<\/a><\/p>\n\n\n\n<p><strong>Email:<\/strong><br><a href=\"mailto:info@zscelakovice.cz\">info@zscelakovice.cz<\/a><\/p>\n\n\n\n<p><strong>Datov\u00e1 schr\u00e1nka:<\/strong><br>wz8mkht<\/p>\n","protected":false},"excerpt":{"rendered":"<p>Z\u0160 \u010cel\u00e1kovice, J. A. Komensk\u00e9ho 414, p\u0159\u00edsp\u011bvkov\u00e1 organizaces\u00eddlo: J. A. Komensk\u00e9ho 414, \u010cel\u00e1kovice, PS\u010c 250 88 I\u010cO:00876275 IZO:108003892 Red IZO:600052010 &hellip; <\/p>\n","protected":false},"author":1,"featured_media":0,"parent":0,"menu_order":0,"comment_status":"closed","ping_status":"closed","template":"","meta":{"footnotes":""},"class_list":["post-738","page","type-page","status-publish","hentry","latest_post"],"_links":{"self":[{"href":"https:\/\/www.zscelakovice.cz\/_new\/index.php\/wp-json\/wp\/v2\/pages\/738","targetHints":{"allow":["GET"]}}],"collection":[{"href":"https:\/\/www.zscelakovice.cz\/_new\/index.php\/wp-json\/wp\/v2\/pages"}],"about":[{"href":"https:\/\/www.zscelakovice.cz\/_new\/index.php\/wp-json\/wp\/v2\/types\/page"}],"author":[{"embeddable":true,"href":"https:\/\/www.zscelakovice.cz\/_new\/index.php\/wp-json\/wp\/v2\/users\/1"}],"replies":[{"embeddable":true,"href":"https:\/\/www.zscelakovice.cz\/_new\/index.php\/wp-json\/wp\/v2\/comments?post=738"}],"version-history":[{"count":6,"href":"https:\/\/www.zscelakovice.cz\/_new\/index.php\/wp-json\/wp\/v2\/pages\/738\/revisions"}],"predecessor-version":[{"id":812,"href":"https:\/\/www.zscelakovice.cz\/_new\/index.php\/wp-json\/wp\/v2\/pages\/738\/revisions\/812"}],"wp:attachment":[{"href":"https:\/\/www.zscelakovice.cz\/_new\/index.php\/wp-json\/wp\/v2\/media?parent=738"}],"curies":[{"name":"wp","href":"https:\/\/api.w.org\/{rel}","templated":true}]}}