{"id":761,"date":"2026-01-08T14:43:59","date_gmt":"2026-01-08T14:43:59","guid":{"rendered":"https:\/\/www.zscelakovice.cz\/_new\/?page_id=761"},"modified":"2026-03-02T12:54:27","modified_gmt":"2026-03-02T12:54:27","slug":"virtualni-prohlidka-skoly","status":"publish","type":"page","link":"https:\/\/www.zscelakovice.cz\/_new\/index.php\/virtualni-prohlidka-skoly\/","title":{"rendered":"Virtu\u00e1ln\u00ed prohl\u00eddka \u0161koly"},"content":{"rendered":"\n<figure class=\"wp-block-image size-large\"><a href=\"https:\/\/www.zscelakovice.cz\/_newvprohlidka\/index.html\"><img loading=\"lazy\" decoding=\"async\" width=\"1024\" height=\"723\" src=\"https:\/\/www.zscelakovice.cz\/_new\/wp-content\/uploads\/2026\/01\/virtualni_prohlidka-1024x723.jpg\" alt=\"\" class=\"wp-image-771\" srcset=\"https:\/\/www.zscelakovice.cz\/_new\/wp-content\/uploads\/2026\/01\/virtualni_prohlidka-1024x723.jpg 1024w, https:\/\/www.zscelakovice.cz\/_new\/wp-content\/uploads\/2026\/01\/virtualni_prohlidka-300x212.jpg 300w, https:\/\/www.zscelakovice.cz\/_new\/wp-content\/uploads\/2026\/01\/virtualni_prohlidka-768x542.jpg 768w, https:\/\/www.zscelakovice.cz\/_new\/wp-content\/uploads\/2026\/01\/virtualni_prohlidka.jpg 1185w\" sizes=\"auto, (max-width: 1024px) 100vw, 1024px\" \/><\/a><\/figure>\n\n\n\n<p><a href=\"https:\/\/www.zscelakovice.cz\/vprohlidka\/index.html\">https:\/\/www.zscelakovice.cz\/vprohlidka\/index.html<\/a><\/p>\n","protected":false},"excerpt":{"rendered":"<p>https:\/\/www.zscelakovice.cz\/vprohlidka\/index.html<\/p>\n","protected":false},"author":1,"featured_media":0,"parent":0,"menu_order":0,"comment_status":"closed","ping_status":"closed","template":"","meta":{"footnotes":""},"class_list":["post-761","page","type-page","status-publish","hentry","latest_post"],"_links":{"self":[{"href":"https:\/\/www.zscelakovice.cz\/_new\/index.php\/wp-json\/wp\/v2\/pages\/761","targetHints":{"allow":["GET"]}}],"collection":[{"href":"https:\/\/www.zscelakovice.cz\/_new\/index.php\/wp-json\/wp\/v2\/pages"}],"about":[{"href":"https:\/\/www.zscelakovice.cz\/_new\/index.php\/wp-json\/wp\/v2\/types\/page"}],"author":[{"embeddable":true,"href":"https:\/\/www.zscelakovice.cz\/_new\/index.php\/wp-json\/wp\/v2\/users\/1"}],"replies":[{"embeddable":true,"href":"https:\/\/www.zscelakovice.cz\/_new\/index.php\/wp-json\/wp\/v2\/comments?post=761"}],"version-history":[{"count":6,"href":"https:\/\/www.zscelakovice.cz\/_new\/index.php\/wp-json\/wp\/v2\/pages\/761\/revisions"}],"predecessor-version":[{"id":1119,"href":"https:\/\/www.zscelakovice.cz\/_new\/index.php\/wp-json\/wp\/v2\/pages\/761\/revisions\/1119"}],"wp:attachment":[{"href":"https:\/\/www.zscelakovice.cz\/_new\/index.php\/wp-json\/wp\/v2\/media?parent=761"}],"curies":[{"name":"wp","href":"https:\/\/api.w.org\/{rel}","templated":true}]}}