{"id":781,"date":"2026-01-08T14:57:05","date_gmt":"2026-01-08T14:57:05","guid":{"rendered":"https:\/\/www.zscelakovice.cz\/_new\/?page_id=781"},"modified":"2026-01-16T12:05:34","modified_gmt":"2026-01-16T12:05:34","slug":"poradenstvi","status":"publish","type":"page","link":"https:\/\/www.zscelakovice.cz\/_new\/index.php\/poradenstvi\/","title":{"rendered":"Poradenstv\u00ed"},"content":{"rendered":"\n<h1 class=\"wp-block-heading\">\u0160koln\u00ed poradensk\u00e9 pracovi\u0161t\u011b<\/h1>\n\n\n\n<p>\u00dakolem \u0160koln\u00edho poradensk\u00e9ho pracovi\u0161t\u011b (\u0160PP) je poskytovat komplexn\u00ed slu\u017eby \u017e\u00e1k\u016fm, jejich z\u00e1konn\u00fdm z\u00e1stupc\u016fm a pedagogick\u00fdm pracovn\u00edk\u016fm v souladu s Vyhl\u00e1\u0161kou \u010d. 72\/2005 Sb. o poskytov\u00e1n\u00ed poradensk\u00fdch slu\u017eeb ve \u0161kol\u00e1ch a \u0161kolsk\u00fdch poradensk\u00fdch za\u0159\u00edzen\u00edch, ve zn\u011bn\u00ed pozd\u011bj\u0161\u00edch p\u0159edpis\u016f, p\u0159edev\u0161\u00edm vyhl\u00e1\u0161kou 197\/2016.<\/p>\n\n\n\n<p>S ve\u0161ker\u00fdmi informacemi poskytnut\u00fdmi v r\u00e1mci \u010dinnosti \u0160PP je nakl\u00e1d\u00e1no v souladu se z\u00e1konem \u010d.101\/2000 Sb., o ochran\u011b osobn\u00edch \u00fadaj\u016f.<\/p>\n\n\n\n<p>K hlavn\u00edm c\u00edl\u016fm \u0160PP pat\u0159\u00ed iniciace aktivit vedouc\u00edch k vylep\u0161en\u00ed soci\u00e1ln\u00edho klimatu \u0161koly \u2013 pos\u00edlen\u00ed pozitivn\u00edch vztah\u016f mezi v\u0161emi subjekty \u0161koly, aktivn\u00ed v\u010dlen\u011bn\u00ed oblasti prim\u00e1rn\u00ed prevence do v\u00fduky, zkvalitn\u011bn\u00ed p\u00e9\u010de o d\u011bti se speci\u00e1ln\u00edmi vzd\u011bl\u00e1vac\u00edmi pot\u0159ebami, zaji\u0161t\u011bn\u00ed dal\u0161\u00edch zdroj\u016f financov\u00e1n\u00ed dou\u010dov\u00e1n\u00ed pro cizince a d\u011bti ohro\u017een\u00e9 \u0161koln\u00edm ne\u00fasp\u011bchem.<\/p>\n\n\n\n<p>Aktivity \u0160PP zaji\u0161\u0165uje \u0159editelka \u0161koly, z\u00e1stupkyn\u011b pro 1. a 2. stupe\u0148, v\u00fdchovn\u00e9 poradkyn\u011b, kari\u00e9rov\u00fd poradce, speci\u00e1ln\u00ed pedagog a \u0161koln\u00ed metodik prevence.<\/p>\n\n\n\n<p>V pl\u00e1nu pedagogicko-psychologick\u00e9ho poradenstv\u00ed (\u0161koln\u00edho poradensk\u00e9ho pracovi\u0161t\u011b) se napl\u0148uj\u00ed p\u0159edev\u0161\u00edm tyto d\u00edl\u010d\u00ed c\u00edle:<\/p>\n\n\n\n<p>\u2022 pracovat se v\u0161emi subjekty \u0161koly a vytvo\u0159it tak \u0161irokou z\u00e1kladnu prim\u00e1rn\u00ed prevence \u0161koln\u00ed ne\u00fasp\u011b\u0161nosti a soci\u00e1ln\u011b ne\u017e\u00e1douc\u00edch jev\u016f<br>\u2022 sledovat \u00fa\u010dinnost preventivn\u00edch program\u016f aplikovan\u00fdch \u0161kolou a n\u00e1sledn\u00e9 vyu\u017eit\u00ed pro dal\u0161\u00ed rozvoj \u017e\u00e1kovy osobnosti<br>\u2022 sledov\u00e1n\u00ed a vyhodnocov\u00e1n\u00ed \u00fa\u010dinnosti zvolen\u00fdch podp\u016frn\u00fdch opat\u0159en\u00ed<br>\u2022 evidence doporu\u010den\u00ed a jin\u00fdch zpr\u00e1v (nap\u0159. z PPP, SPC), vykazov\u00e1n\u00ed v&nbsp;r\u00e1mci UIV, nastaven\u00ed kontroln\u00edch pravidel \u010derp\u00e1n\u00ed, resp. \u0159\u00e1dn\u00e9ho ukon\u010den\u00ed platnosti vyk\u00e1zan\u00fdch PO<br>\u2022 kari\u00e9rov\u00e9 poradenstv\u00ed spojuj\u00edc\u00ed vzd\u011bl\u00e1vac\u00ed, informa\u010dn\u00ed a poradenskou podporu vedouc\u00ed k vhodn\u00e9 volb\u011b vzd\u011bl\u00e1vac\u00ed cesty a pozd\u011bj\u0161\u00edmu profesn\u00edmu uplatn\u011bn\u00ed<br>\u2022 p\u0159ipravit podm\u00ednky a roz\u0161\u00ed\u0159it mo\u017enosti inkluze \u017e\u00e1k\u016f se speci\u00e1ln\u00edmi vzd\u011bl\u00e1vac\u00edmi pot\u0159ebami a \u017e\u00e1k\u016f nadan\u00fdch<br>\u2022 vybudovat p\u0159\u00edzniv\u00e9 soci\u00e1ln\u00ed klima pro inkluzi kulturn\u00edch odli\u0161nost\u00ed a p\u0159ij\u00edm\u00e1n\u00ed soci\u00e1ln\u00edch odli\u0161nost\u00ed na \u0161kole<br>\u2022 pos\u00edlit pr\u016fb\u011b\u017enou a dlouhodobou p\u00e9\u010di o \u017e\u00e1ky s neprosp\u011bchem a vytvo\u0159it p\u0159edpoklady pro jeho sni\u017eov\u00e1n\u00ed<br>\u2022 prohloubit v\u010dasnou intervenci p\u0159i aktu\u00e1ln\u00edch probl\u00e9mech u jednotliv\u00fdch \u017e\u00e1k\u016f a t\u0159\u00eddn\u00edch kolektiv\u016f, porada pro \u0159e\u0161en\u00ed probl\u00e9m\u016f cestou svol\u00e1n\u00ed v\u00fdchovn\u00fdch komis\u00ed, p\u0159\u00edpadn\u011b v\u00fdchovn\u00fdch sezen\u00ed za \u00fa\u010dasti OSPOD, Policie \u010cR apod.<br>\u2022 poskytovat metodickou podporu u\u010ditel\u016fm p\u0159i aplikaci psychologick\u00fdch a speci\u00e1ln\u011b pedagogick\u00fdch aspekt\u016f vzd\u011bl\u00e1v\u00e1n\u00ed do \u0161koln\u00edch vzd\u011bl\u00e1vac\u00edch program\u016f<br>\u2022 prohloubit a zlep\u0161it spolupr\u00e1ci a komunikaci mezi \u0161kolou a rodi\u010di<br>\u2022 integrovat poradensk\u00e9 slu\u017eby poskytovan\u00e9 \u0161kolou se slu\u017ebami \u0161kolsk\u00fdch poradensk\u00fdch za\u0159\u00edzen\u00ed (zejm. pedagogicko-psychologick\u00e9 poradny, speci\u00e1ln\u011b pedagogick\u00e1 centra, st\u0159ediska v\u00fdchovn\u00e9 p\u00e9\u010de) a jin\u00fdmi institucemi.<\/p>\n\n\n\n<p>Ve\u0161ker\u00e1 dokumentace pracovn\u00edk\u016f \u0160PP o sv\u00fdch \u010dinnostech je vedena v souladu s p\u0159edpisy o ochran\u011b osobn\u00edch \u00fadaj\u016f a je archivov\u00e1na.<\/p>\n\n\n\n<p><strong>\u010clenov\u00e9 \u0161koln\u00edho poradensk\u00e9ho pracovi\u0161t\u011b<\/strong><\/p>\n\n\n\n<p><strong>PaedDr.&nbsp; Alena Pechalov\u00e1 \u2013 \u0159editelka \u0161koly<\/strong><\/p>\n\n\n\n<p>Tel: <a href=\"tel:326998205\">326 998 205<\/a>, <a href=\"tel:728143336\">728 143 336<\/a><\/p>\n\n\n\n<p>Mail:<a href=\"mailto:pechalova@zscelakovice.cz\">pechalova@zscelakovice.cz<\/a>, <a href=\"mailto:info@zscelakovice.cz\">info@zscelakovice.cz<\/a><\/p>\n\n\n\n<p><strong>Mgr. Renata Michalikov\u00e1 \u2013 z\u00e1stupkyn\u011b pro 1. stupe\u0148<\/strong><\/p>\n\n\n\n<p>Tel: <a href=\"tel:326998201\">326 998 201<\/a><\/p>\n\n\n\n<p>Mail: <a href=\"mailto:michalikova@zscelakovice.cz\">michalikova@zscelakovice.cz<\/a><\/p>\n\n\n\n<p><strong>Ing. Vilma Michel\u010d\u00edkov\u00e1 \u2013 z\u00e1stupkyn\u011b pro 2. stupe\u0148<\/strong><\/p>\n\n\n\n<p>Tel: <a href=\"tel:326998259\">326 998 259<\/a><\/p>\n\n\n\n<p>Mail: <a href=\"mailto:michelcikova@zscelakovice.cz\">michelcikova@zscelakovice.cz<\/a><\/p>\n\n\n\n<p><strong>Mgr. Marcela Sva\u0161kov\u00e1 \u2013 v\u00fdchovn\u00e1 poradkyn\u011b pro 1. stupe\u0148<\/strong><\/p>\n\n\n\n<p>Tel: <a href=\"tel:326998212\">326 998 212<\/a><\/p>\n\n\n\n<p>Mail: <a href=\"mailto:svaskova@zscelakovice.cz\">svaskova@zscelakovice.cz<\/a><\/p>\n\n\n\n<p><strong>Mgr. Alena \u0160pit\u00e1lsk\u00e1 \u2013 v\u00fdchovn\u00e1 poradkyn\u011b pro 2. stupe\u0148<\/strong><\/p>\n\n\n\n<p>Tel: <a href=\"tel:326998224\">326 998 224<\/a>, <a href=\"tel:326998250\">326 998 250<\/a><\/p>\n\n\n\n<p>Mail: <a href=\"mailto:spitalska@zscelakovice.cz\">spitalska@zscelakovice.cz<\/a><\/p>\n\n\n\n<p><strong>PhDr. Miloslav Rychetsk\u00fd \u2013 metodik prim\u00e1rn\u00ed prevence<\/strong><\/p>\n\n\n\n<p>Tel: <a href=\"tel:326998212\">326 998 212<\/a><\/p>\n\n\n\n<p>Mail: <a href=\"mailto:rychetsky@zscelakovice.cz\">rychetsky@zscelakovice.cz<\/a><\/p>\n\n\n\n<p><strong>Mgr. Tereza Dole\u017ealov\u00e1 \u2013 speci\u00e1ln\u00ed pedagog<\/strong><\/p>\n\n\n\n<p>Tel: <a href=\"tel:326998215\">326 998 215<\/a><\/p>\n\n\n\n<p>Mail: <a href=\"mailto:dolezalova@zscelakovice.cz\">dolezalova@zscelakovice.cz<\/a><\/p>\n\n\n\n<p><strong>Mgr. Michaela Rybov\u00e1 Danilov\u00e1 \u2013 kari\u00e9rn\u00ed poradce<\/strong><\/p>\n\n\n\n<p>Tel: <a href=\"tel:326998215\">326 998 215<\/a><\/p>\n\n\n\n<p>Mail: <a href=\"mailto:rybova@zscelakovice.cz\">rybova@zscelakovice.cz<\/a><\/p>\n\n\n\n<p>Po domluv\u011b se mohou \u00fa\u010dastnit porad i dal\u0161\u00ed pedagogov\u00e9 \u0161koly.<\/p>\n","protected":false},"excerpt":{"rendered":"<p>\u0160koln\u00ed poradensk\u00e9 pracovi\u0161t\u011b \u00dakolem \u0160koln\u00edho poradensk\u00e9ho pracovi\u0161t\u011b (\u0160PP) je poskytovat komplexn\u00ed slu\u017eby \u017e\u00e1k\u016fm, jejich z\u00e1konn\u00fdm z\u00e1stupc\u016fm a pedagogick\u00fdm pracovn\u00edk\u016fm v &hellip; <\/p>\n","protected":false},"author":1,"featured_media":0,"parent":0,"menu_order":0,"comment_status":"closed","ping_status":"closed","template":"","meta":{"footnotes":""},"class_list":["post-781","page","type-page","status-publish","hentry","latest_post"],"_links":{"self":[{"href":"https:\/\/www.zscelakovice.cz\/_new\/index.php\/wp-json\/wp\/v2\/pages\/781","targetHints":{"allow":["GET"]}}],"collection":[{"href":"https:\/\/www.zscelakovice.cz\/_new\/index.php\/wp-json\/wp\/v2\/pages"}],"about":[{"href":"https:\/\/www.zscelakovice.cz\/_new\/index.php\/wp-json\/wp\/v2\/types\/page"}],"author":[{"embeddable":true,"href":"https:\/\/www.zscelakovice.cz\/_new\/index.php\/wp-json\/wp\/v2\/users\/1"}],"replies":[{"embeddable":true,"href":"https:\/\/www.zscelakovice.cz\/_new\/index.php\/wp-json\/wp\/v2\/comments?post=781"}],"version-history":[{"count":4,"href":"https:\/\/www.zscelakovice.cz\/_new\/index.php\/wp-json\/wp\/v2\/pages\/781\/revisions"}],"predecessor-version":[{"id":853,"href":"https:\/\/www.zscelakovice.cz\/_new\/index.php\/wp-json\/wp\/v2\/pages\/781\/revisions\/853"}],"wp:attachment":[{"href":"https:\/\/www.zscelakovice.cz\/_new\/index.php\/wp-json\/wp\/v2\/media?parent=781"}],"curies":[{"name":"wp","href":"https:\/\/api.w.org\/{rel}","templated":true}]}}