{"id":809,"date":"2026-01-16T10:02:09","date_gmt":"2026-01-16T10:02:09","guid":{"rendered":"https:\/\/www.zscelakovice.cz\/_new\/?page_id=809"},"modified":"2026-01-16T10:24:06","modified_gmt":"2026-01-16T10:24:06","slug":"bankovni-spojeni","status":"publish","type":"page","link":"https:\/\/www.zscelakovice.cz\/_new\/index.php\/bankovni-spojeni\/","title":{"rendered":"Bankovn\u00ed spojen\u00ed"},"content":{"rendered":"\n<p><strong>15731201\/0100&nbsp; = <\/strong><strong>KB \u2013 hlavn\u00ed \u00fa\u010det<\/strong><\/p>\n\n\n\n<p>Slou\u017e\u00ed pro platby krou\u017ek\u016f Z\u0160 a ostatn\u00edch akc\u00ed \u0161koly jako je \u0161kola v&nbsp;p\u0159\u00edrod\u011b, ly\u017ea\u0159sk\u00fd nebo sportovn\u00ed kurz, ostatn\u00ed z\u00e1jezdy, sponzorsk\u00e9 dary (p\u0159i platb\u00e1ch pros\u00edm uv\u00e1d\u011bjte v\u017edy p\u0159id\u011blen\u00fd variabiln\u00ed symbol a v&nbsp;textu uve\u010fte jm\u00e9no \u017e\u00e1ka a t\u0159\u00eddu)<\/p>\n\n\n\n<p><strong>115-4605830267\/0100 = <\/strong><strong>KB&nbsp; \u2013 \u0161koln\u00ed j\u00eddelna<\/strong><\/p>\n\n\n\n<p>Slou\u017e\u00ed pro platby z\u00e1loh na \u0161koln\u00ed stravov\u00e1n\u00ed. Ka\u017ed\u00fd str\u00e1vn\u00edk m\u00e1 p\u0159id\u011blen p\u0159i p\u0159ihl\u00e1\u0161en\u00ed VS, kter\u00fd pros\u00edm uv\u00e1d\u011bjte p\u0159i platb\u00e1ch z\u00e1loh. V&nbsp;textu m\u016f\u017eete uv\u00e9st jm\u00e9no d\u00edt\u011bte a t\u0159\u00eddu.<\/p>\n\n\n\n<p><strong>123-1403940237\/0100 = K<\/strong><strong>B \u2013 \u0161koln\u00ed dru\u017eina<\/strong><\/p>\n\n\n\n<p>Slou\u017e\u00ed k&nbsp;\u00fahrad\u011b poplatk\u016f a krou\u017ek\u016f po\u0159\u00e1dan\u00fdch \u0161koln\u00ed dru\u017einou.<\/p>\n\n\n\n<p><strong>D\u011bkujeme za dodr\u017eov\u00e1n\u00ed t\u011bchto pravidel, zaslou\u017e\u00edte se o v\u010dasn\u00e9 dohled\u00e1n\u00ed va\u0161\u00ed platby!<\/strong><\/p>\n","protected":false},"excerpt":{"rendered":"<p>15731201\/0100&nbsp; = KB \u2013 hlavn\u00ed \u00fa\u010det Slou\u017e\u00ed pro platby krou\u017ek\u016f Z\u0160 a ostatn\u00edch akc\u00ed \u0161koly jako je \u0161kola v&nbsp;p\u0159\u00edrod\u011b, ly\u017ea\u0159sk\u00fd &hellip; <\/p>\n","protected":false},"author":1,"featured_media":0,"parent":0,"menu_order":0,"comment_status":"closed","ping_status":"closed","template":"","meta":{"footnotes":""},"class_list":["post-809","page","type-page","status-publish","hentry","latest_post"],"_links":{"self":[{"href":"https:\/\/www.zscelakovice.cz\/_new\/index.php\/wp-json\/wp\/v2\/pages\/809","targetHints":{"allow":["GET"]}}],"collection":[{"href":"https:\/\/www.zscelakovice.cz\/_new\/index.php\/wp-json\/wp\/v2\/pages"}],"about":[{"href":"https:\/\/www.zscelakovice.cz\/_new\/index.php\/wp-json\/wp\/v2\/types\/page"}],"author":[{"embeddable":true,"href":"https:\/\/www.zscelakovice.cz\/_new\/index.php\/wp-json\/wp\/v2\/users\/1"}],"replies":[{"embeddable":true,"href":"https:\/\/www.zscelakovice.cz\/_new\/index.php\/wp-json\/wp\/v2\/comments?post=809"}],"version-history":[{"count":2,"href":"https:\/\/www.zscelakovice.cz\/_new\/index.php\/wp-json\/wp\/v2\/pages\/809\/revisions"}],"predecessor-version":[{"id":813,"href":"https:\/\/www.zscelakovice.cz\/_new\/index.php\/wp-json\/wp\/v2\/pages\/809\/revisions\/813"}],"wp:attachment":[{"href":"https:\/\/www.zscelakovice.cz\/_new\/index.php\/wp-json\/wp\/v2\/media?parent=809"}],"curies":[{"name":"wp","href":"https:\/\/api.w.org\/{rel}","templated":true}]}}