{"id":824,"date":"2026-01-16T10:33:25","date_gmt":"2026-01-16T10:33:25","guid":{"rendered":"https:\/\/www.zscelakovice.cz\/_new\/?page_id=824"},"modified":"2026-03-02T12:44:53","modified_gmt":"2026-03-02T12:44:53","slug":"krouzky-sd","status":"publish","type":"page","link":"https:\/\/www.zscelakovice.cz\/_new\/index.php\/krouzky-sd\/","title":{"rendered":"Krou\u017eky \u0160D"},"content":{"rendered":"\n<p>P\u0159ihl\u00e1\u0161ku do krou\u017eku \u0160D naleznete <strong><a href=\"https:\/\/www.zscelakovice.cz\/_new\/index.php\/formulare-sd\/\" target=\"_blank\" rel=\"noreferrer noopener\">zde<\/a> <\/strong>nebo ve formul\u00e1\u0159\u00edch \u0160D.<\/p>\n\n\n\n<h2 class=\"wp-block-heading\"><strong>KROU\u017dKY \u0160KOLN\u00cd DRU\u017dINY <\/strong><strong>2025-2026<\/strong><\/h2>\n\n\n\n<p>Do krou\u017eku budou \u017e\u00e1ci za\u0159azov\u00e1ni podle po\u0159ad\u00ed pod\u00e1n\u00ed p\u0159ihl\u00e1\u0161ky. Pod\u00e1n\u00edm p\u0159ihl\u00e1\u0161ky je \u017e\u00e1k <strong><u>p\u0159ihl\u00e1\u0161en do krou\u017eku na cel\u00fd \u0161koln\u00ed rok.<\/u><\/strong><\/p>\n\n\n\n<p>Pokud m\u00e1te z\u00e1jem o n\u011bkter\u00fd z\u00a0krou\u017ek\u016f, vypl\u0148te p\u0159ihl\u00e1\u0161ku <a href=\"https:\/\/www.zscelakovice.cz\/_new\/index.php\/formulare-sd\/\" target=\"_blank\" rel=\"noreferrer noopener\">zde<\/a> a za\u0161lete na mail <a href=\"mailto:slamenova@zscelakovice.cz\">slamenova@zscelakovice.cz<\/a>\u00a0<\/p>\n\n\n\n<p>Platby za krou\u017eek se hrad\u00ed zvl\u00e1\u0161\u0165 za I. a II. pololet\u00ed a to v\u017edy nejpozd\u011bji do 30.9. a 31.1. p\u0159\u00edslu\u0161n\u00e9ho pololet\u00ed \u0161koln\u00edho roku.<\/p>\n\n\n\n<p>\u010c\u00e1stka se hrad\u00ed na \u00fa\u010det \u010d. <strong>123-1403940237\/0100 (<\/strong>do zpr\u00e1vy pro p\u0159\u00edjemce uve\u010fte jm\u00e9no d\u00edt\u011bte a n\u00e1zev krou\u017eku).<\/p>\n\n\n\n<p><strong>Krou\u017eky \u0160D zah\u00e1j\u00ed svou \u010dinnost v&nbsp;t\u00fddnu od 15.9.2025<\/strong><\/p>\n\n\n\n<figure class=\"wp-block-image size-full\"><img loading=\"lazy\" decoding=\"async\" width=\"805\" height=\"474\" src=\"https:\/\/www.zscelakovice.cz\/_new\/wp-content\/uploads\/2026\/01\/obrazek-4.png\" alt=\"\" class=\"wp-image-825\" srcset=\"https:\/\/www.zscelakovice.cz\/_new\/wp-content\/uploads\/2026\/01\/obrazek-4.png 805w, https:\/\/www.zscelakovice.cz\/_new\/wp-content\/uploads\/2026\/01\/obrazek-4-300x177.png 300w, https:\/\/www.zscelakovice.cz\/_new\/wp-content\/uploads\/2026\/01\/obrazek-4-768x452.png 768w\" sizes=\"auto, (max-width: 805px) 100vw, 805px\" \/><\/figure>\n","protected":false},"excerpt":{"rendered":"<p>P\u0159ihl\u00e1\u0161ku do krou\u017eku \u0160D naleznete zde nebo ve formul\u00e1\u0159\u00edch \u0160D. KROU\u017dKY \u0160KOLN\u00cd DRU\u017dINY 2025-2026 Do krou\u017eku budou \u017e\u00e1ci za\u0159azov\u00e1ni podle &hellip; <\/p>\n","protected":false},"author":1,"featured_media":0,"parent":0,"menu_order":0,"comment_status":"closed","ping_status":"closed","template":"","meta":{"footnotes":""},"class_list":["post-824","page","type-page","status-publish","hentry","latest_post"],"_links":{"self":[{"href":"https:\/\/www.zscelakovice.cz\/_new\/index.php\/wp-json\/wp\/v2\/pages\/824","targetHints":{"allow":["GET"]}}],"collection":[{"href":"https:\/\/www.zscelakovice.cz\/_new\/index.php\/wp-json\/wp\/v2\/pages"}],"about":[{"href":"https:\/\/www.zscelakovice.cz\/_new\/index.php\/wp-json\/wp\/v2\/types\/page"}],"author":[{"embeddable":true,"href":"https:\/\/www.zscelakovice.cz\/_new\/index.php\/wp-json\/wp\/v2\/users\/1"}],"replies":[{"embeddable":true,"href":"https:\/\/www.zscelakovice.cz\/_new\/index.php\/wp-json\/wp\/v2\/comments?post=824"}],"version-history":[{"count":5,"href":"https:\/\/www.zscelakovice.cz\/_new\/index.php\/wp-json\/wp\/v2\/pages\/824\/revisions"}],"predecessor-version":[{"id":1113,"href":"https:\/\/www.zscelakovice.cz\/_new\/index.php\/wp-json\/wp\/v2\/pages\/824\/revisions\/1113"}],"wp:attachment":[{"href":"https:\/\/www.zscelakovice.cz\/_new\/index.php\/wp-json\/wp\/v2\/media?parent=824"}],"curies":[{"name":"wp","href":"https:\/\/api.w.org\/{rel}","templated":true}]}}