{"id":832,"date":"2026-01-16T10:43:51","date_gmt":"2026-01-16T10:43:51","guid":{"rendered":"https:\/\/www.zscelakovice.cz\/_new\/?page_id=832"},"modified":"2026-03-02T12:37:39","modified_gmt":"2026-03-02T12:37:39","slug":"dokumenty-sd","status":"publish","type":"page","link":"https:\/\/www.zscelakovice.cz\/_new\/index.php\/dokumenty-sd\/","title":{"rendered":"Dokumenty \u0160D"},"content":{"rendered":"\n<p>\u0160koln\u00ed vzd\u011bl\u00e1vac\u00ed program \u0161koln\u00ed dru\u017einy <strong><a href=\"https:\/\/www.zscelakovice.cz\/dokumenty\/druzina\/svp_sd_23_24.pdf\" target=\"_blank\" rel=\"noreferrer noopener\">zde<\/a><\/strong>.<\/p>\n\n\n\n<p>Vnit\u0159n\u00ed \u0159\u00e1d \u0161koln\u00ed dru\u017einy <strong><a href=\"https:\/\/www.zscelakovice.cz\/dokumenty\/druzina\/rad_sd_23_24.pdf\" target=\"_blank\" rel=\"noreferrer noopener\">zde<\/a>.<\/strong><\/p>\n","protected":false},"excerpt":{"rendered":"<p>\u0160koln\u00ed vzd\u011bl\u00e1vac\u00ed program \u0161koln\u00ed dru\u017einy zde. Vnit\u0159n\u00ed \u0159\u00e1d \u0161koln\u00ed dru\u017einy zde.<\/p>\n","protected":false},"author":1,"featured_media":0,"parent":0,"menu_order":0,"comment_status":"closed","ping_status":"closed","template":"","meta":{"footnotes":""},"class_list":["post-832","page","type-page","status-publish","hentry","latest_post"],"_links":{"self":[{"href":"https:\/\/www.zscelakovice.cz\/_new\/index.php\/wp-json\/wp\/v2\/pages\/832","targetHints":{"allow":["GET"]}}],"collection":[{"href":"https:\/\/www.zscelakovice.cz\/_new\/index.php\/wp-json\/wp\/v2\/pages"}],"about":[{"href":"https:\/\/www.zscelakovice.cz\/_new\/index.php\/wp-json\/wp\/v2\/types\/page"}],"author":[{"embeddable":true,"href":"https:\/\/www.zscelakovice.cz\/_new\/index.php\/wp-json\/wp\/v2\/users\/1"}],"replies":[{"embeddable":true,"href":"https:\/\/www.zscelakovice.cz\/_new\/index.php\/wp-json\/wp\/v2\/comments?post=832"}],"version-history":[{"count":2,"href":"https:\/\/www.zscelakovice.cz\/_new\/index.php\/wp-json\/wp\/v2\/pages\/832\/revisions"}],"predecessor-version":[{"id":1106,"href":"https:\/\/www.zscelakovice.cz\/_new\/index.php\/wp-json\/wp\/v2\/pages\/832\/revisions\/1106"}],"wp:attachment":[{"href":"https:\/\/www.zscelakovice.cz\/_new\/index.php\/wp-json\/wp\/v2\/media?parent=832"}],"curies":[{"name":"wp","href":"https:\/\/api.w.org\/{rel}","templated":true}]}}