{"id":835,"date":"2026-01-16T10:45:30","date_gmt":"2026-01-16T10:45:30","guid":{"rendered":"https:\/\/www.zscelakovice.cz\/_new\/?page_id=835"},"modified":"2026-03-12T10:26:12","modified_gmt":"2026-03-12T10:26:12","slug":"formulare-sd","status":"publish","type":"page","link":"https:\/\/www.zscelakovice.cz\/_new\/index.php\/formulare-sd\/","title":{"rendered":"Formul\u00e1\u0159e \u0160D"},"content":{"rendered":"\n<p>\u017d\u00e1dost o za\u0159azen\u00ed d\u00edt\u011bte do \u0161koln\u00ed dru\u017einy ve \u0161koln\u00edm roce 2026\/2027 <strong><a href=\"https:\/\/www.zscelakovice.cz\/dokumenty\/druzina\/zadost-prijeti-26-27.doc\" target=\"_blank\" rel=\"noreferrer noopener\">zde<\/a><\/strong>.<\/p>\n\n\n\n<p>P\u0159ihl\u00e1\u0161ka na dru\u017einov\u00e9 krou\u017eky <a href=\"https:\/\/www.zscelakovice.cz\/dokumenty\/druzina\/prihlaska_krouzky_.docx\" target=\"_blank\" rel=\"noreferrer noopener\"><strong>zde<\/strong><\/a>.<\/p>\n\n\n\n<p>\u017d\u00e1dost o uvoln\u011bn\u00ed d\u00edt\u011bte za \u0160D <strong><a href=\"https:\/\/www.zscelakovice.cz\/dokumenty\/druzina\/uvolneni_zaka_sd_2022_2023.docx\">zde<\/a>.<\/strong><\/p>\n\n\n\n<p>Protokol k&nbsp;\u010dipu pro \u00fa\u010dely \u0160D <a href=\"https:\/\/www.zscelakovice.cz\/dokumenty\/druzina\/protokol_k_cipu.docx\" target=\"_blank\" rel=\"noreferrer noopener\"><strong>zde<\/strong><\/a>.<\/p>\n\n\n\n<p>P\u0159ed\u00e1vac\u00ed protokol \u010dipu \u0161koln\u00ed dru\u017einy <a href=\"https:\/\/www.zscelakovice.cz\/dokumenty\/druzina\/predavaci_protokol_sd.docx\" target=\"_blank\" rel=\"noreferrer noopener\"><strong>zde<\/strong><\/a>.<\/p>\n\n\n\n<p>Z\u00e1pisn\u00ed l\u00edstek do \u0160D <strong><a href=\"https:\/\/www.zscelakovice.cz\/dokumenty\/druzina\/zapisnilistek_sd_2021_2022.docx\" target=\"_blank\" rel=\"noreferrer noopener\">zde<\/a><\/strong>.<\/p>\n\n\n\n<p>Odhl\u00e1\u0161en\u00ed \u017e\u00e1ka ze \u0160D <strong><a href=\"https:\/\/www.zscelakovice.cz\/dokumenty\/druzina\/odhlasenizaka_sd_2020_2021.doc\" target=\"_blank\" rel=\"noreferrer noopener\">zde<\/a><\/strong>.<\/p>\n","protected":false},"excerpt":{"rendered":"<p>\u017d\u00e1dost o za\u0159azen\u00ed d\u00edt\u011bte do \u0161koln\u00ed dru\u017einy ve \u0161koln\u00edm roce 2026\/2027 zde. P\u0159ihl\u00e1\u0161ka na dru\u017einov\u00e9 krou\u017eky zde. \u017d\u00e1dost o uvoln\u011bn\u00ed &hellip; <\/p>\n","protected":false},"author":1,"featured_media":0,"parent":0,"menu_order":0,"comment_status":"closed","ping_status":"closed","template":"","meta":{"footnotes":""},"class_list":["post-835","page","type-page","status-publish","hentry","latest_post"],"_links":{"self":[{"href":"https:\/\/www.zscelakovice.cz\/_new\/index.php\/wp-json\/wp\/v2\/pages\/835","targetHints":{"allow":["GET"]}}],"collection":[{"href":"https:\/\/www.zscelakovice.cz\/_new\/index.php\/wp-json\/wp\/v2\/pages"}],"about":[{"href":"https:\/\/www.zscelakovice.cz\/_new\/index.php\/wp-json\/wp\/v2\/types\/page"}],"author":[{"embeddable":true,"href":"https:\/\/www.zscelakovice.cz\/_new\/index.php\/wp-json\/wp\/v2\/users\/1"}],"replies":[{"embeddable":true,"href":"https:\/\/www.zscelakovice.cz\/_new\/index.php\/wp-json\/wp\/v2\/comments?post=835"}],"version-history":[{"count":3,"href":"https:\/\/www.zscelakovice.cz\/_new\/index.php\/wp-json\/wp\/v2\/pages\/835\/revisions"}],"predecessor-version":[{"id":1146,"href":"https:\/\/www.zscelakovice.cz\/_new\/index.php\/wp-json\/wp\/v2\/pages\/835\/revisions\/1146"}],"wp:attachment":[{"href":"https:\/\/www.zscelakovice.cz\/_new\/index.php\/wp-json\/wp\/v2\/media?parent=835"}],"curies":[{"name":"wp","href":"https:\/\/api.w.org\/{rel}","templated":true}]}}