{"id":845,"date":"2026-01-16T10:54:07","date_gmt":"2026-01-16T10:54:07","guid":{"rendered":"https:\/\/www.zscelakovice.cz\/_new\/?page_id=845"},"modified":"2026-01-16T10:54:07","modified_gmt":"2026-01-16T10:54:07","slug":"kontakty-jidelna","status":"publish","type":"page","link":"https:\/\/www.zscelakovice.cz\/_new\/index.php\/kontakty-jidelna\/","title":{"rendered":"Kontakty j\u00eddelna"},"content":{"rendered":"\n<p>Vedouc\u00ed \u0161koln\u00ed j\u00eddelny<\/p>\n\n\n\n<p>Pavel Hr\u00e1ch<\/p>\n\n\n\n<p>telefon <a href=\"tel:326998226\">326 998 226<\/a><\/p>\n\n\n\n<p>email: jidelna@zscelakovice.cz<\/p>\n\n\n\n<p>Hospod\u00e1\u0159ka<\/p>\n\n\n\n<p>Odhl\u00e1\u0161en\u00ed ob\u011bd\u016f, platby ob\u011bd\u016f, informace o stravov\u00e1n\u00ed<\/p>\n\n\n\n<p>Olga Horov\u00e1<\/p>\n\n\n\n<p>telefon: <a href=\"tel:326998216\">326 998 216<\/a><\/p>\n\n\n\n<p>email: <a href=\"mailto:horova@zscelakovice.cz\">horova@zscelakovice.cz<\/a><\/p>\n","protected":false},"excerpt":{"rendered":"<p>Vedouc\u00ed \u0161koln\u00ed j\u00eddelny Pavel Hr\u00e1ch telefon 326 998 226 email: jidelna@zscelakovice.cz Hospod\u00e1\u0159ka Odhl\u00e1\u0161en\u00ed ob\u011bd\u016f, platby ob\u011bd\u016f, informace o stravov\u00e1n\u00ed Olga &hellip; <\/p>\n","protected":false},"author":1,"featured_media":0,"parent":0,"menu_order":0,"comment_status":"closed","ping_status":"closed","template":"","meta":{"footnotes":""},"class_list":["post-845","page","type-page","status-publish","hentry","latest_post"],"_links":{"self":[{"href":"https:\/\/www.zscelakovice.cz\/_new\/index.php\/wp-json\/wp\/v2\/pages\/845","targetHints":{"allow":["GET"]}}],"collection":[{"href":"https:\/\/www.zscelakovice.cz\/_new\/index.php\/wp-json\/wp\/v2\/pages"}],"about":[{"href":"https:\/\/www.zscelakovice.cz\/_new\/index.php\/wp-json\/wp\/v2\/types\/page"}],"author":[{"embeddable":true,"href":"https:\/\/www.zscelakovice.cz\/_new\/index.php\/wp-json\/wp\/v2\/users\/1"}],"replies":[{"embeddable":true,"href":"https:\/\/www.zscelakovice.cz\/_new\/index.php\/wp-json\/wp\/v2\/comments?post=845"}],"version-history":[{"count":1,"href":"https:\/\/www.zscelakovice.cz\/_new\/index.php\/wp-json\/wp\/v2\/pages\/845\/revisions"}],"predecessor-version":[{"id":846,"href":"https:\/\/www.zscelakovice.cz\/_new\/index.php\/wp-json\/wp\/v2\/pages\/845\/revisions\/846"}],"wp:attachment":[{"href":"https:\/\/www.zscelakovice.cz\/_new\/index.php\/wp-json\/wp\/v2\/media?parent=845"}],"curies":[{"name":"wp","href":"https:\/\/api.w.org\/{rel}","templated":true}]}}