{"id":859,"date":"2026-01-16T12:28:56","date_gmt":"2026-01-16T12:28:56","guid":{"rendered":"https:\/\/www.zscelakovice.cz\/_new\/?page_id=859"},"modified":"2026-03-13T13:04:37","modified_gmt":"2026-03-13T13:04:37","slug":"formulare-ke-stazeni","status":"publish","type":"page","link":"https:\/\/www.zscelakovice.cz\/_new\/index.php\/formulare-ke-stazeni\/","title":{"rendered":"Formul\u00e1\u0159e ke sta\u017een\u00ed"},"content":{"rendered":"\n<p><a href=\"https:\/\/www.zscelakovice.cz\/formulare\/prestup.docx\" target=\"_blank\" rel=\"noreferrer noopener\">\u017d\u00e1dost o p\u0159estup \u017e\u00e1ka\/\u017e\u00e1kyn\u011b z jin\u00e9 do na\u0161\u00ed z\u00e1kladn\u00ed \u0161koly (.doc)<\/a><br><a href=\"https:\/\/www.zscelakovice.cz\/formulare\/uvolneni_1_den.docx\" target=\"_blank\" rel=\"noreferrer noopener\">\u017d\u00e1dost o uvoln\u011bn\u00ed d\u00edt\u011bte z vyu\u010dov\u00e1n\u00ed \u2013 propustka na max. 1 den (.doc)<\/a><br><a href=\"https:\/\/www.zscelakovice.cz\/formulare\/uvolneni_vice_dnu.docx\" target=\"_blank\" rel=\"noreferrer noopener\">\u017d\u00e1dost o uvoln\u011bn\u00ed \u017e\u00e1ka z vyu\u010dov\u00e1n\u00ed na dva a v\u00edce dn\u016f (.doc)<\/a><br><a href=\"https:\/\/www.zscelakovice.cz\/formulare\/uvolnen\u00ed_predmet.doc\" target=\"_blank\" rel=\"noreferrer noopener\">\u017d\u00e1dost o\u00a0 uvoln\u011bn\u00ed z v\u00fduky \u2013 p\u0159edm\u011btu \u2013 na pololet\u00ed (.doc)<\/a><br><a href=\"https:\/\/www.zscelakovice.cz\/formulare\/zadost_o_pravidelne_uvolneni_z_vyuky.docx\" target=\"_blank\" rel=\"noreferrer noopener\">\u017d\u00e1dost o pravideln\u00e9 uvoln\u011bn\u00ed z v\u00fduky \u2013 na pololet\u00ed (.doc)<\/a><br><a href=\"https:\/\/www.zscelakovice.cz\/dokumenty\/prihlaska_do_zajmoveho_krouzku_klubu_na_doucovani.docx\" target=\"_blank\" rel=\"noreferrer noopener\">P\u0159ihl\u00e1\u0161ka na krou\u017eek\/klub\/dou\u010dov\u00e1n\u00ed (.docx)<\/a><br><a href=\"https:\/\/www.zscelakovice.cz\/dokumenty\/prihlaska_zahranici24-25.docx\" target=\"_blank\" rel=\"noreferrer noopener\">Z\u00e1vazn\u00e1 p\u0159ihl\u00e1\u0161ka na zahrani\u010dn\u00ed z\u00e1jezd (.docx)<\/a><br><a href=\"https:\/\/www.zscelakovice.cz\/dokumenty\/skotsko-prihlaska-2025.pdf\" target=\"_blank\" rel=\"noreferrer noopener\">P\u0159ihl\u00e1\u0161ka na zahrani\u010dn\u00ed z\u00e1jezd do Skotska (.docx)<\/a><\/p>\n","protected":false},"excerpt":{"rendered":"<p>\u017d\u00e1dost o p\u0159estup \u017e\u00e1ka\/\u017e\u00e1kyn\u011b z jin\u00e9 do na\u0161\u00ed z\u00e1kladn\u00ed \u0161koly (.doc)\u017d\u00e1dost o uvoln\u011bn\u00ed d\u00edt\u011bte z vyu\u010dov\u00e1n\u00ed \u2013 propustka na max. &hellip; <\/p>\n","protected":false},"author":1,"featured_media":0,"parent":0,"menu_order":0,"comment_status":"closed","ping_status":"closed","template":"","meta":{"footnotes":""},"class_list":["post-859","page","type-page","status-publish","hentry","latest_post"],"_links":{"self":[{"href":"https:\/\/www.zscelakovice.cz\/_new\/index.php\/wp-json\/wp\/v2\/pages\/859","targetHints":{"allow":["GET"]}}],"collection":[{"href":"https:\/\/www.zscelakovice.cz\/_new\/index.php\/wp-json\/wp\/v2\/pages"}],"about":[{"href":"https:\/\/www.zscelakovice.cz\/_new\/index.php\/wp-json\/wp\/v2\/types\/page"}],"author":[{"embeddable":true,"href":"https:\/\/www.zscelakovice.cz\/_new\/index.php\/wp-json\/wp\/v2\/users\/1"}],"replies":[{"embeddable":true,"href":"https:\/\/www.zscelakovice.cz\/_new\/index.php\/wp-json\/wp\/v2\/comments?post=859"}],"version-history":[{"count":3,"href":"https:\/\/www.zscelakovice.cz\/_new\/index.php\/wp-json\/wp\/v2\/pages\/859\/revisions"}],"predecessor-version":[{"id":1152,"href":"https:\/\/www.zscelakovice.cz\/_new\/index.php\/wp-json\/wp\/v2\/pages\/859\/revisions\/1152"}],"wp:attachment":[{"href":"https:\/\/www.zscelakovice.cz\/_new\/index.php\/wp-json\/wp\/v2\/media?parent=859"}],"curies":[{"name":"wp","href":"https:\/\/api.w.org\/{rel}","templated":true}]}}