{"id":862,"date":"2026-01-16T12:31:20","date_gmt":"2026-01-16T12:31:20","guid":{"rendered":"https:\/\/www.zscelakovice.cz\/_new\/?page_id=862"},"modified":"2026-03-02T12:35:04","modified_gmt":"2026-03-02T12:35:04","slug":"darovaci-smlouvy","status":"publish","type":"page","link":"https:\/\/www.zscelakovice.cz\/_new\/index.php\/darovaci-smlouvy\/","title":{"rendered":"Darovac\u00ed smlouvy"},"content":{"rendered":"\n<p><a href=\"https:\/\/www.zscelakovice.cz\/dokumenty\/darovaci_smlouvy\/penezity_dar.doc\" target=\"_blank\" rel=\"noreferrer noopener\">Pen\u011b\u017eit\u00fd dar (.doc)<\/a><br><a href=\"https:\/\/www.zscelakovice.cz\/dokumenty\/darovaci_smlouvy\/vecny_dar.doc\" target=\"_blank\" rel=\"noreferrer noopener\">V\u011bcn\u00fd dar (.doc)<\/a><br><a href=\"https:\/\/www.zscelakovice.cz\/dokumenty\/darovaci_smlouvy\/SmlDar_FO_hotove.doc\" target=\"_blank\" rel=\"noreferrer noopener\">FO hotovost (.doc)<\/a><br><a href=\"https:\/\/www.zscelakovice.cz\/dokumenty\/darovaci_smlouvy\/SmlDar_FO_prevodem.doc\" target=\"_blank\" rel=\"noreferrer noopener\">FO p\u0159evod (.doc)<\/a><br><a href=\"https:\/\/www.zscelakovice.cz\/dokumenty\/darovaci_smlouvy\/SmlDar_OSVC_hotove.doc\" target=\"_blank\" rel=\"noreferrer noopener\">OSV\u010c hotovost (.doc)<\/a><br><a href=\"https:\/\/www.zscelakovice.cz\/dokumenty\/darovaci_smlouvy\/SmlDar_OSVC_prevodem.doc\" target=\"_blank\" rel=\"noreferrer noopener\">OSV\u010c p\u0159evod (.doc)<\/a><br><a href=\"https:\/\/www.zscelakovice.cz\/dokumenty\/darovaci_smlouvy\/SmlDar_PO_hotove.doc\" target=\"_blank\" rel=\"noreferrer noopener\">PO hotovost (.doc)<\/a><br><a href=\"https:\/\/www.zscelakovice.cz\/dokumenty\/darovaci_smlouvy\/SmlDar_PO_prevodem.doc\" target=\"_blank\" rel=\"noreferrer noopener\">PO p\u0159evod (.doc)<\/a><\/p>\n","protected":false},"excerpt":{"rendered":"<p>Pen\u011b\u017eit\u00fd dar (.doc)V\u011bcn\u00fd dar (.doc)FO hotovost (.doc)FO p\u0159evod (.doc)OSV\u010c hotovost (.doc)OSV\u010c p\u0159evod (.doc)PO hotovost (.doc)PO p\u0159evod (.doc)<\/p>\n","protected":false},"author":1,"featured_media":0,"parent":0,"menu_order":0,"comment_status":"closed","ping_status":"closed","template":"","meta":{"footnotes":""},"class_list":["post-862","page","type-page","status-publish","hentry","latest_post"],"_links":{"self":[{"href":"https:\/\/www.zscelakovice.cz\/_new\/index.php\/wp-json\/wp\/v2\/pages\/862","targetHints":{"allow":["GET"]}}],"collection":[{"href":"https:\/\/www.zscelakovice.cz\/_new\/index.php\/wp-json\/wp\/v2\/pages"}],"about":[{"href":"https:\/\/www.zscelakovice.cz\/_new\/index.php\/wp-json\/wp\/v2\/types\/page"}],"author":[{"embeddable":true,"href":"https:\/\/www.zscelakovice.cz\/_new\/index.php\/wp-json\/wp\/v2\/users\/1"}],"replies":[{"embeddable":true,"href":"https:\/\/www.zscelakovice.cz\/_new\/index.php\/wp-json\/wp\/v2\/comments?post=862"}],"version-history":[{"count":2,"href":"https:\/\/www.zscelakovice.cz\/_new\/index.php\/wp-json\/wp\/v2\/pages\/862\/revisions"}],"predecessor-version":[{"id":1103,"href":"https:\/\/www.zscelakovice.cz\/_new\/index.php\/wp-json\/wp\/v2\/pages\/862\/revisions\/1103"}],"wp:attachment":[{"href":"https:\/\/www.zscelakovice.cz\/_new\/index.php\/wp-json\/wp\/v2\/media?parent=862"}],"curies":[{"name":"wp","href":"https:\/\/api.w.org\/{rel}","templated":true}]}}