{"id":865,"date":"2026-01-16T13:03:31","date_gmt":"2026-01-16T13:03:31","guid":{"rendered":"https:\/\/www.zscelakovice.cz\/_new\/?page_id=865"},"modified":"2026-01-16T13:06:47","modified_gmt":"2026-01-16T13:06:47","slug":"skola-online","status":"publish","type":"page","link":"https:\/\/www.zscelakovice.cz\/_new\/index.php\/skola-online\/","title":{"rendered":"\u0160kola online"},"content":{"rendered":"\n<div class=\"form-login login\">\n                <div class=\"form-content\">\n                    <header>\u0160kola online &#8211; p\u0159ihl\u00e1\u0161en\u00ed<\/header>\n                    <form action=\"https:\/\/aplikace.skolaonline.cz\/SOL\/Prihlaseni.aspx\" method=\"post\">\n                        <div class=\"field input-field\">\n                            <input type=\"email\" name=\"JmenoUzivatele\" placeholder=\"U\u017eivatelsk\u00e9 jm\u00e9no\" class=\"input\">\n                        <\/div>\n\n                        <div class=\"field input-field\">\n                            <input type=\"password\" name=\"HesloUzivatele\" placeholder=\"Heslo\" class=\"password\">\n                            <i id=\"eye-icon\" class='bx bx-hide eye-icon'><\/i>\n                        <\/div>\n\n                        <div class=\"field button-field\">\n                            <button name=\"SignIn\">P\u0159ihl\u00e1sit se<\/button>\n                        <\/div>\n                    <\/form>\n                <\/div>\n            <\/div>\n","protected":false},"excerpt":{"rendered":"<p>\u0160kola online &#8211; p\u0159ihl\u00e1\u0161en\u00ed P\u0159ihl\u00e1sit se<\/p>\n","protected":false},"author":1,"featured_media":0,"parent":0,"menu_order":0,"comment_status":"closed","ping_status":"closed","template":"","meta":{"footnotes":""},"class_list":["post-865","page","type-page","status-publish","hentry","latest_post"],"_links":{"self":[{"href":"https:\/\/www.zscelakovice.cz\/_new\/index.php\/wp-json\/wp\/v2\/pages\/865","targetHints":{"allow":["GET"]}}],"collection":[{"href":"https:\/\/www.zscelakovice.cz\/_new\/index.php\/wp-json\/wp\/v2\/pages"}],"about":[{"href":"https:\/\/www.zscelakovice.cz\/_new\/index.php\/wp-json\/wp\/v2\/types\/page"}],"author":[{"embeddable":true,"href":"https:\/\/www.zscelakovice.cz\/_new\/index.php\/wp-json\/wp\/v2\/users\/1"}],"replies":[{"embeddable":true,"href":"https:\/\/www.zscelakovice.cz\/_new\/index.php\/wp-json\/wp\/v2\/comments?post=865"}],"version-history":[{"count":3,"href":"https:\/\/www.zscelakovice.cz\/_new\/index.php\/wp-json\/wp\/v2\/pages\/865\/revisions"}],"predecessor-version":[{"id":870,"href":"https:\/\/www.zscelakovice.cz\/_new\/index.php\/wp-json\/wp\/v2\/pages\/865\/revisions\/870"}],"wp:attachment":[{"href":"https:\/\/www.zscelakovice.cz\/_new\/index.php\/wp-json\/wp\/v2\/media?parent=865"}],"curies":[{"name":"wp","href":"https:\/\/api.w.org\/{rel}","templated":true}]}}