{"id":871,"date":"2026-01-16T13:10:08","date_gmt":"2026-01-16T13:10:08","guid":{"rendered":"https:\/\/www.zscelakovice.cz\/_new\/?page_id=871"},"modified":"2026-01-16T13:17:10","modified_gmt":"2026-01-16T13:17:10","slug":"duvera","status":"publish","type":"page","link":"https:\/\/www.zscelakovice.cz\/_new\/index.php\/duvera\/","title":{"rendered":"D\u016fv\u011bra"},"content":{"rendered":"\n<p>R\u00e1di byste sd\u011blili d\u016fv\u011brn\u00e9 informace?<\/p>\n\n\n\n<p><strong>Schr\u00e1nka d\u016fv\u011bry: <a href=\"mailto:duvera@zscelakovice.cz\">duvera@zscelakovice.cz<\/a><\/strong><\/p>\n","protected":false},"excerpt":{"rendered":"<p>R\u00e1di byste sd\u011blili d\u016fv\u011brn\u00e9 informace? Schr\u00e1nka d\u016fv\u011bry: duvera@zscelakovice.cz<\/p>\n","protected":false},"author":1,"featured_media":0,"parent":0,"menu_order":0,"comment_status":"closed","ping_status":"closed","template":"","meta":{"footnotes":""},"class_list":["post-871","page","type-page","status-publish","hentry","latest_post"],"_links":{"self":[{"href":"https:\/\/www.zscelakovice.cz\/_new\/index.php\/wp-json\/wp\/v2\/pages\/871","targetHints":{"allow":["GET"]}}],"collection":[{"href":"https:\/\/www.zscelakovice.cz\/_new\/index.php\/wp-json\/wp\/v2\/pages"}],"about":[{"href":"https:\/\/www.zscelakovice.cz\/_new\/index.php\/wp-json\/wp\/v2\/types\/page"}],"author":[{"embeddable":true,"href":"https:\/\/www.zscelakovice.cz\/_new\/index.php\/wp-json\/wp\/v2\/users\/1"}],"replies":[{"embeddable":true,"href":"https:\/\/www.zscelakovice.cz\/_new\/index.php\/wp-json\/wp\/v2\/comments?post=871"}],"version-history":[{"count":3,"href":"https:\/\/www.zscelakovice.cz\/_new\/index.php\/wp-json\/wp\/v2\/pages\/871\/revisions"}],"predecessor-version":[{"id":877,"href":"https:\/\/www.zscelakovice.cz\/_new\/index.php\/wp-json\/wp\/v2\/pages\/871\/revisions\/877"}],"wp:attachment":[{"href":"https:\/\/www.zscelakovice.cz\/_new\/index.php\/wp-json\/wp\/v2\/media?parent=871"}],"curies":[{"name":"wp","href":"https:\/\/api.w.org\/{rel}","templated":true}]}}