{"id":878,"date":"2026-01-16T13:21:52","date_gmt":"2026-01-16T13:21:52","guid":{"rendered":"https:\/\/www.zscelakovice.cz\/_new\/?page_id=878"},"modified":"2026-03-02T13:22:18","modified_gmt":"2026-03-02T13:22:18","slug":"vyrocni-zpravy","status":"publish","type":"page","link":"https:\/\/www.zscelakovice.cz\/_new\/index.php\/vyrocni-zpravy\/","title":{"rendered":"V\u00fdro\u010dn\u00ed zpr\u00e1vy"},"content":{"rendered":"\n<p><\/p>\n\n\n\n<p>V\u00fdro\u010dn\u00ed zpr\u00e1vu za \u0161koln\u00ed rok 2024\/2025 zobraz\u00edte kliknut\u00edm<strong><a href=\"https:\/\/www.zscelakovice.cz\/dokumenty\/vz-2024-2025.pdf\" target=\"_blank\" rel=\"noreferrer noopener\">zde<\/a><\/strong>.<\/p>\n\n\n\n<p>&#8212;&#8211;<\/p>\n\n\n\n<p>V\u00fdro\u010dn\u00ed zpr\u00e1vu za \u0161koln\u00ed rok 2015\/2016 zobraz\u00edte kliknut\u00edm <strong><a href=\"https:\/\/www.zscelakovice.cz\/dokumenty\/vz\/vyrocni_zprava_2015_2016.pdf\" target=\"_blank\" rel=\"noreferrer noopener\">zde<\/a><\/strong>.<\/p>\n\n\n\n<p>V\u00fdro\u010dn\u00ed zpr\u00e1vu za \u0161koln\u00ed rok 2016\/2017 zobraz\u00edte kliknut\u00edm <strong><a href=\"https:\/\/www.zscelakovice.cz\/dokumenty\/vz\/vyrocni_zprava_2016_2017.pdf\" target=\"_blank\" rel=\"noreferrer noopener\">zde<\/a><\/strong>.<\/p>\n\n\n\n<p>V\u00fdro\u010dn\u00ed zpr\u00e1vu za \u0161koln\u00ed rok 2017\/2018 zobraz\u00edte kliknut\u00edm <strong><a href=\"https:\/\/www.zscelakovice.cz\/dokumenty\/vz\/vyrocni_zprava_2017_2018.pdf\" target=\"_blank\" rel=\"noreferrer noopener\">zde<\/a><\/strong>.<\/p>\n\n\n\n<p>V\u00fdro\u010dn\u00ed zpr\u00e1vu za \u0161koln\u00ed rok 2018\/2019 zobraz\u00edte kliknut\u00edm <strong><a href=\"https:\/\/www.zscelakovice.cz\/dokumenty\/vz\/vyrocni_zprava_2018_2019.pdf\" target=\"_blank\" rel=\"noreferrer noopener\">zde<\/a><\/strong>.<\/p>\n\n\n\n<p>V\u00fdro\u010dn\u00ed zpr\u00e1vu za \u0161koln\u00ed rok 2019\/2020 zobraz\u00edte kliknut\u00edm <strong><a href=\"https:\/\/www.zscelakovice.cz\/dokumenty\/vz\/vyrocni_zprava_2019_2020.pdf\" target=\"_blank\" rel=\"noreferrer noopener\">zde<\/a><\/strong>.<\/p>\n\n\n\n<p>V\u00fdro\u010dn\u00ed zpr\u00e1vu za \u0161koln\u00ed rok 2020\/2021 zobraz\u00edte kliknut\u00edm <strong><a href=\"https:\/\/www.zscelakovice.cz\/dokumenty\/vyrocni_zprava_20_21.pdf\" target=\"_blank\" rel=\"noreferrer noopener\">zde<\/a><\/strong>.<\/p>\n\n\n\n<p>V\u00fdro\u010dn\u00ed zpr\u00e1vu za \u0161koln\u00ed rok 2021\/2022 zobraz\u00edte kliknut\u00edm <strong><a href=\"https:\/\/www.zscelakovice.cz\/dokumenty\/vz_21_22.pdf\" target=\"_blank\" rel=\"noreferrer noopener\">zde<\/a><\/strong>.<\/p>\n\n\n\n<p>V\u00fdro\u010dn\u00ed zpr\u00e1vu za \u0161koln\u00ed rok 2022\/2023 zobraz\u00edte kliknut\u00edm<strong><a href=\"https:\/\/www.zscelakovice.cz\/dokumenty\/VZ_za_skolni_rok 22-23.pdf\">zde<\/a><\/strong>.<\/p>\n\n\n\n<p>V\u00fdro\u010dn\u00ed zpr\u00e1vu za \u0161koln\u00ed rok 2023\/2024 zobraz\u00edte kliknut\u00edm<strong><a href=\"https:\/\/www.zscelakovice.cz\/_newdokumenty\/VZ_23-24.pdf\">z<\/a><a href=\"https:\/\/www.zscelakovice.cz\/dokumenty\/VZ_23-24.pdf\">de<\/a><\/strong>.<\/p>\n\n\n\n<p><\/p>\n","protected":false},"excerpt":{"rendered":"<p>V\u00fdro\u010dn\u00ed zpr\u00e1vu za \u0161koln\u00ed rok 2024\/2025 zobraz\u00edte kliknut\u00edmzde. &#8212;&#8211; V\u00fdro\u010dn\u00ed zpr\u00e1vu za \u0161koln\u00ed rok 2015\/2016 zobraz\u00edte kliknut\u00edm zde. V\u00fdro\u010dn\u00ed zpr\u00e1vu &hellip; <\/p>\n","protected":false},"author":1,"featured_media":0,"parent":0,"menu_order":0,"comment_status":"closed","ping_status":"closed","template":"","meta":{"footnotes":""},"class_list":["post-878","page","type-page","status-publish","hentry","latest_post"],"_links":{"self":[{"href":"https:\/\/www.zscelakovice.cz\/_new\/index.php\/wp-json\/wp\/v2\/pages\/878","targetHints":{"allow":["GET"]}}],"collection":[{"href":"https:\/\/www.zscelakovice.cz\/_new\/index.php\/wp-json\/wp\/v2\/pages"}],"about":[{"href":"https:\/\/www.zscelakovice.cz\/_new\/index.php\/wp-json\/wp\/v2\/types\/page"}],"author":[{"embeddable":true,"href":"https:\/\/www.zscelakovice.cz\/_new\/index.php\/wp-json\/wp\/v2\/users\/1"}],"replies":[{"embeddable":true,"href":"https:\/\/www.zscelakovice.cz\/_new\/index.php\/wp-json\/wp\/v2\/comments?post=878"}],"version-history":[{"count":5,"href":"https:\/\/www.zscelakovice.cz\/_new\/index.php\/wp-json\/wp\/v2\/pages\/878\/revisions"}],"predecessor-version":[{"id":1123,"href":"https:\/\/www.zscelakovice.cz\/_new\/index.php\/wp-json\/wp\/v2\/pages\/878\/revisions\/1123"}],"wp:attachment":[{"href":"https:\/\/www.zscelakovice.cz\/_new\/index.php\/wp-json\/wp\/v2\/media?parent=878"}],"curies":[{"name":"wp","href":"https:\/\/api.w.org\/{rel}","templated":true}]}}