{"id":883,"date":"2026-01-16T13:52:06","date_gmt":"2026-01-16T13:52:06","guid":{"rendered":"https:\/\/www.zscelakovice.cz\/_new\/?page_id=883"},"modified":"2026-01-16T13:52:07","modified_gmt":"2026-01-16T13:52:07","slug":"nabidka-zamestnani","status":"publish","type":"page","link":"https:\/\/www.zscelakovice.cz\/_new\/index.php\/nabidka-zamestnani\/","title":{"rendered":"Nab\u00eddka zam\u011bstn\u00e1n\u00ed"},"content":{"rendered":"\n<h1 class=\"wp-block-heading\">Nab\u00eddka zam\u011bstn\u00e1n\u00ed \u2013 1. stupe\u0148<\/h1>\n\n\n\n<p><strong>Z\u0160 \u010cel\u00e1kovice, J.A.Komensk\u00e9ho 414, p. o. &nbsp;<\/strong><\/p>\n\n\n\n<p><strong>p\u0159ijme<\/strong><\/p>\n\n\n\n<ul class=\"wp-block-list\">\n<li><strong>u\u010ditelku \/ u\u010ditele<\/strong> pro v\u00fduku <strong>na I. stupni Z\u0160<\/strong><\/li>\n\n\n\n<li>po\u017eadujeme \u2013 pedagogick\u00e9 vzd\u011bl\u00e1n\u00ed, hezk\u00fd p\u0159\u00edstup k\u00a0d\u011btem, praxe je v\u00fdhodou<\/li>\n<\/ul>\n\n\n\n<p>Z\u00e1jemci volejte na tel.\u010d.: <strong>326&nbsp;998&nbsp;211<\/strong><\/p>\n\n\n\n<p>nebo pi\u0161te na: <a href=\"mailto:info@zscelakovice.cz\">info@zscelakovice.cz<\/a><\/p>\n\n\n\n<h1 class=\"wp-block-heading\">Nab\u00eddka zam\u011bstn\u00e1n\u00ed \u2013 zem\u011bpis<\/h1>\n\n\n\n<p><strong>Z\u0160 \u010cel\u00e1kovice, J.A.Komensk\u00e9ho 414, p. o. &nbsp;<\/strong><\/p>\n\n\n\n<p><strong>p\u0159ijme<\/strong><\/p>\n\n\n\n<ul class=\"wp-block-list\">\n<li><strong>u\u010ditelku \/ u\u010ditele<\/strong> pro v\u00fduku <strong>zem\u011bpisu<\/strong> <strong>na II. stupni Z\u0160<\/strong><\/li>\n\n\n\n<li>po\u017eadujeme \u2013 pedagogick\u00e9 vzd\u011bl\u00e1n\u00ed, hezk\u00fd p\u0159\u00edstup k\u00a0d\u011btem, praxe je v\u00fdhodou<\/li>\n<\/ul>\n\n\n\n<p>Z\u00e1jemci volejte na tel.\u010d.: <strong>326&nbsp;998&nbsp;211<\/strong><\/p>\n\n\n\n<p>nebo pi\u0161te na: <a href=\"mailto:info@zscelakovice.cz\">info@zscelakovice.cz<\/a><\/p>\n","protected":false},"excerpt":{"rendered":"<p>Nab\u00eddka zam\u011bstn\u00e1n\u00ed \u2013 1. stupe\u0148 Z\u0160 \u010cel\u00e1kovice, J.A.Komensk\u00e9ho 414, p. o. &nbsp; p\u0159ijme Z\u00e1jemci volejte na tel.\u010d.: 326&nbsp;998&nbsp;211 nebo pi\u0161te &hellip; <\/p>\n","protected":false},"author":1,"featured_media":0,"parent":0,"menu_order":0,"comment_status":"closed","ping_status":"closed","template":"","meta":{"footnotes":""},"class_list":["post-883","page","type-page","status-publish","hentry","latest_post"],"_links":{"self":[{"href":"https:\/\/www.zscelakovice.cz\/_new\/index.php\/wp-json\/wp\/v2\/pages\/883","targetHints":{"allow":["GET"]}}],"collection":[{"href":"https:\/\/www.zscelakovice.cz\/_new\/index.php\/wp-json\/wp\/v2\/pages"}],"about":[{"href":"https:\/\/www.zscelakovice.cz\/_new\/index.php\/wp-json\/wp\/v2\/types\/page"}],"author":[{"embeddable":true,"href":"https:\/\/www.zscelakovice.cz\/_new\/index.php\/wp-json\/wp\/v2\/users\/1"}],"replies":[{"embeddable":true,"href":"https:\/\/www.zscelakovice.cz\/_new\/index.php\/wp-json\/wp\/v2\/comments?post=883"}],"version-history":[{"count":1,"href":"https:\/\/www.zscelakovice.cz\/_new\/index.php\/wp-json\/wp\/v2\/pages\/883\/revisions"}],"predecessor-version":[{"id":884,"href":"https:\/\/www.zscelakovice.cz\/_new\/index.php\/wp-json\/wp\/v2\/pages\/883\/revisions\/884"}],"wp:attachment":[{"href":"https:\/\/www.zscelakovice.cz\/_new\/index.php\/wp-json\/wp\/v2\/media?parent=883"}],"curies":[{"name":"wp","href":"https:\/\/api.w.org\/{rel}","templated":true}]}}