{"id":888,"date":"2026-01-16T14:03:59","date_gmt":"2026-01-16T14:03:59","guid":{"rendered":"https:\/\/www.zscelakovice.cz\/_new\/?page_id=888"},"modified":"2026-03-02T12:49:22","modified_gmt":"2026-03-02T12:49:22","slug":"skolska-rada","status":"publish","type":"page","link":"https:\/\/www.zscelakovice.cz\/_new\/index.php\/skolska-rada\/","title":{"rendered":"\u0160kolsk\u00e1 rada"},"content":{"rendered":"\n<h1 class=\"wp-block-heading\">Z\u00e1pis \u010d. 4\/2025 ze zased\u00e1n\u00ed \u0160kolsk\u00e9 rady<\/h1>\n\n\n\n<p>Z\u00e1pis zobraz\u00edte kliknut\u00edm <a href=\"https:\/\/www.zscelakovice.cz\/dokumenty\/sr-4-25.pdf\" target=\"_blank\" rel=\"noreferrer noopener\">zde<\/a>.<\/p>\n\n\n\n<div data-wp-interactive=\"core\/file\" class=\"wp-block-file\"><object data-wp-bind--hidden=\"!state.hasPdfPreview\" hidden class=\"wp-block-file__embed\" data=\"https:\/\/www.zscelakovice.cz\/_new\/wp-content\/uploads\/2026\/01\/sr-4-25.pdf\" type=\"application\/pdf\" style=\"width:100%;height:600px\" aria-label=\"Vlo\u017eit z sr-4-25.\"><\/object><a id=\"wp-block-file--media-3ae9c1a4-9e89-4396-bdfc-ebaa1f0d1a61\" href=\"https:\/\/www.zscelakovice.cz\/_new\/wp-content\/uploads\/2026\/01\/sr-4-25.pdf\">sr-4-25<\/a><a href=\"https:\/\/www.zscelakovice.cz\/_new\/wp-content\/uploads\/2026\/01\/sr-4-25.pdf\" class=\"wp-block-file__button wp-element-button\" download aria-describedby=\"wp-block-file--media-3ae9c1a4-9e89-4396-bdfc-ebaa1f0d1a61\">St\u00e1hnout<\/a><\/div>\n","protected":false},"excerpt":{"rendered":"<p>Z\u00e1pis \u010d. 4\/2025 ze zased\u00e1n\u00ed \u0160kolsk\u00e9 rady Z\u00e1pis zobraz\u00edte kliknut\u00edm zde.<\/p>\n","protected":false},"author":1,"featured_media":0,"parent":0,"menu_order":0,"comment_status":"closed","ping_status":"closed","template":"","meta":{"footnotes":""},"class_list":["post-888","page","type-page","status-publish","hentry","latest_post"],"_links":{"self":[{"href":"https:\/\/www.zscelakovice.cz\/_new\/index.php\/wp-json\/wp\/v2\/pages\/888","targetHints":{"allow":["GET"]}}],"collection":[{"href":"https:\/\/www.zscelakovice.cz\/_new\/index.php\/wp-json\/wp\/v2\/pages"}],"about":[{"href":"https:\/\/www.zscelakovice.cz\/_new\/index.php\/wp-json\/wp\/v2\/types\/page"}],"author":[{"embeddable":true,"href":"https:\/\/www.zscelakovice.cz\/_new\/index.php\/wp-json\/wp\/v2\/users\/1"}],"replies":[{"embeddable":true,"href":"https:\/\/www.zscelakovice.cz\/_new\/index.php\/wp-json\/wp\/v2\/comments?post=888"}],"version-history":[{"count":3,"href":"https:\/\/www.zscelakovice.cz\/_new\/index.php\/wp-json\/wp\/v2\/pages\/888\/revisions"}],"predecessor-version":[{"id":1115,"href":"https:\/\/www.zscelakovice.cz\/_new\/index.php\/wp-json\/wp\/v2\/pages\/888\/revisions\/1115"}],"wp:attachment":[{"href":"https:\/\/www.zscelakovice.cz\/_new\/index.php\/wp-json\/wp\/v2\/media?parent=888"}],"curies":[{"name":"wp","href":"https:\/\/api.w.org\/{rel}","templated":true}]}}