{"id":891,"date":"2026-01-16T14:06:18","date_gmt":"2026-01-16T14:06:18","guid":{"rendered":"https:\/\/www.zscelakovice.cz\/_new\/?page_id=891"},"modified":"2026-03-02T12:40:11","modified_gmt":"2026-03-02T12:40:11","slug":"gdpr","status":"publish","type":"page","link":"https:\/\/www.zscelakovice.cz\/_new\/index.php\/gdpr\/","title":{"rendered":"GDPR"},"content":{"rendered":"\n<p>Informace o zpracov\u00e1n\u00ed osobn\u00edch \u00fadaj\u016f <a href=\"https:\/\/www.zscelakovice.cz\/dokumenty\/gdpr.pdf\" target=\"_blank\" rel=\"noreferrer noopener\"><strong>zde<\/strong><\/a>.<\/p>\n\n\n\n<p>Z\u00e1znam o \u010dinnostech zpracov\u00e1n\u00ed dle \u010dl\u00e1nku 30 na\u0159\u00edzen\u00ed GDPR <strong><a href=\"https:\/\/www.zscelakovice.cz\/dokumenty\/gdpr_1.pdf\" target=\"_blank\" rel=\"noreferrer noopener\">zde<\/a><\/strong>.<\/p>\n\n\n\n<p>Z\u00e1znam o \u010dinnostech zpracov\u00e1n\u00ed dle \u010dl\u00e1nku 30 na\u0159\u00edzen\u00ed GDPR <strong><a href=\"https:\/\/www.zscelakovice.cz\/dokumenty\/gdpr_2.pdf\" target=\"_blank\" rel=\"noreferrer noopener\">zde<\/a><\/strong><\/p>\n\n\n\n<p>Z\u00e1kon o zpracov\u00e1n\u00ed osobn\u00edch \u00fadaj\u016f 110\/2019 Sb. najdete <strong><a href=\"https:\/\/www.zscelakovice.cz\/dokumenty\/zakon_110_2019_Sb.pdf\" target=\"_blank\" rel=\"noreferrer noopener\">zde<\/a>.<\/strong><\/p>\n\n\n\n<p>Z\u00e1sady zpracov\u00e1n\u00ed osobn\u00edch \u00fadaj\u016f zobraz\u00edte kliknut\u00edm <a href=\"https:\/\/www.zscelakovice.cz\/dokumenty\/gdpr_web.pdf\" target=\"_blank\" rel=\"noreferrer noopener\"><strong>zde<\/strong><\/a>.<\/p>\n\n\n\n<figure class=\"wp-block-image size-full\"><img loading=\"lazy\" decoding=\"async\" width=\"541\" height=\"864\" src=\"https:\/\/www.zscelakovice.cz\/_new\/wp-content\/uploads\/2026\/01\/1.jpg\" alt=\"\" class=\"wp-image-892\" srcset=\"https:\/\/www.zscelakovice.cz\/_new\/wp-content\/uploads\/2026\/01\/1.jpg 541w, https:\/\/www.zscelakovice.cz\/_new\/wp-content\/uploads\/2026\/01\/1-188x300.jpg 188w\" sizes=\"auto, (max-width: 541px) 100vw, 541px\" \/><\/figure>\n\n\n\n<figure class=\"wp-block-image size-full\"><img loading=\"lazy\" decoding=\"async\" width=\"550\" height=\"831\" src=\"https:\/\/www.zscelakovice.cz\/_new\/wp-content\/uploads\/2026\/01\/2.jpg\" alt=\"\" class=\"wp-image-894\" srcset=\"https:\/\/www.zscelakovice.cz\/_new\/wp-content\/uploads\/2026\/01\/2.jpg 550w, https:\/\/www.zscelakovice.cz\/_new\/wp-content\/uploads\/2026\/01\/2-199x300.jpg 199w\" sizes=\"auto, (max-width: 550px) 100vw, 550px\" \/><\/figure>\n\n\n\n<figure class=\"wp-block-image size-full\"><img loading=\"lazy\" decoding=\"async\" width=\"543\" height=\"853\" src=\"https:\/\/www.zscelakovice.cz\/_new\/wp-content\/uploads\/2026\/01\/3.jpg\" alt=\"\" class=\"wp-image-895\" srcset=\"https:\/\/www.zscelakovice.cz\/_new\/wp-content\/uploads\/2026\/01\/3.jpg 543w, https:\/\/www.zscelakovice.cz\/_new\/wp-content\/uploads\/2026\/01\/3-191x300.jpg 191w\" sizes=\"auto, (max-width: 543px) 100vw, 543px\" \/><\/figure>\n\n\n\n<figure class=\"wp-block-image size-full\"><img loading=\"lazy\" decoding=\"async\" width=\"581\" height=\"479\" src=\"https:\/\/www.zscelakovice.cz\/_new\/wp-content\/uploads\/2026\/01\/4.jpg\" alt=\"\" class=\"wp-image-896\" srcset=\"https:\/\/www.zscelakovice.cz\/_new\/wp-content\/uploads\/2026\/01\/4.jpg 581w, https:\/\/www.zscelakovice.cz\/_new\/wp-content\/uploads\/2026\/01\/4-300x247.jpg 300w\" sizes=\"auto, (max-width: 581px) 100vw, 581px\" \/><\/figure>\n","protected":false},"excerpt":{"rendered":"<p>Informace o zpracov\u00e1n\u00ed osobn\u00edch \u00fadaj\u016f zde. Z\u00e1znam o \u010dinnostech zpracov\u00e1n\u00ed dle \u010dl\u00e1nku 30 na\u0159\u00edzen\u00ed GDPR zde. Z\u00e1znam o \u010dinnostech zpracov\u00e1n\u00ed &hellip; <\/p>\n","protected":false},"author":1,"featured_media":0,"parent":0,"menu_order":0,"comment_status":"closed","ping_status":"closed","template":"","meta":{"footnotes":""},"class_list":["post-891","page","type-page","status-publish","hentry","latest_post"],"_links":{"self":[{"href":"https:\/\/www.zscelakovice.cz\/_new\/index.php\/wp-json\/wp\/v2\/pages\/891","targetHints":{"allow":["GET"]}}],"collection":[{"href":"https:\/\/www.zscelakovice.cz\/_new\/index.php\/wp-json\/wp\/v2\/pages"}],"about":[{"href":"https:\/\/www.zscelakovice.cz\/_new\/index.php\/wp-json\/wp\/v2\/types\/page"}],"author":[{"embeddable":true,"href":"https:\/\/www.zscelakovice.cz\/_new\/index.php\/wp-json\/wp\/v2\/users\/1"}],"replies":[{"embeddable":true,"href":"https:\/\/www.zscelakovice.cz\/_new\/index.php\/wp-json\/wp\/v2\/comments?post=891"}],"version-history":[{"count":3,"href":"https:\/\/www.zscelakovice.cz\/_new\/index.php\/wp-json\/wp\/v2\/pages\/891\/revisions"}],"predecessor-version":[{"id":1109,"href":"https:\/\/www.zscelakovice.cz\/_new\/index.php\/wp-json\/wp\/v2\/pages\/891\/revisions\/1109"}],"wp:attachment":[{"href":"https:\/\/www.zscelakovice.cz\/_new\/index.php\/wp-json\/wp\/v2\/media?parent=891"}],"curies":[{"name":"wp","href":"https:\/\/api.w.org\/{rel}","templated":true}]}}