{"id":912,"date":"2026-01-16T14:31:38","date_gmt":"2026-01-16T14:31:38","guid":{"rendered":"https:\/\/www.zscelakovice.cz\/_new\/?page_id=912"},"modified":"2026-03-02T12:51:52","modified_gmt":"2026-03-02T12:51:52","slug":"srps","status":"publish","type":"page","link":"https:\/\/www.zscelakovice.cz\/_new\/index.php\/srps\/","title":{"rendered":"SRP\u0160"},"content":{"rendered":"\n<p>Z\u00e1pis z jedn\u00e1n\u00ed n\u00e1hradn\u00ed valn\u00e9 hromady \u010dlen\u016f Sdru\u017een\u00ed rodi\u010d\u016f a p\u0159\u00e1tel d\u011bt\u00ed a \u0161koly p\u0159i Z\u0160 v \u010cel\u00e1kovic\u00edch dne 27. 11. 2025 ve sborovn\u011b Z\u0160 od 16 hod. <a href=\"https:\/\/zscelakovice.cz\/dokumenty\/srps\/SRPS_27112025.pdf\" target=\"_blank\" rel=\"noreferrer noopener\">zde<\/a>.<\/p>\n\n\n\n<p>Z\u00e1pis z jedn\u00e1n\u00ed n\u00e1hradn\u00ed valn\u00e9 hromady \u010dlen\u016f Sdru\u017een\u00ed rodi\u010d\u016f a p\u0159\u00e1tel d\u011bt\u00ed a \u0161koly p\u0159i Z\u0160 v \u010cel\u00e1kovic\u00edch dne 21. 11. 2024 ve sborovn\u011b Z\u0160 od 16 hod. <a rel=\"noreferrer noopener\" href=\"https:\/\/zscelakovice.cz\/dokumenty\/SRPS_21112024.pdf\" target=\"_blank\">zde<\/a>.<\/p>\n\n\n\n<p>Z\u00e1pis z jedn\u00e1n\u00ed n\u00e1hradn\u00ed valn\u00e9 hromady \u010dlen\u016f Sdru\u017een\u00ed rodi\u010d\u016f a p\u0159\u00e1tel d\u011bt\u00ed a \u0161koly p\u0159i Z\u0160 v \u010cel\u00e1kovic\u00edch dne 25. 4. 2024 ve sborovn\u011b Z\u0160 od 16 hod. <a href=\"https:\/\/www.zscelakovice.cz\/_newdokumenty\/SRPS_23112023.pdf\">z<\/a><a href=\"https:\/\/www.zscelakovice.cz\/_newdokumenty\/srps25.4.2024.pdf\">d<\/a><a href=\"https:\/\/www.zscelakovice.cz\/dokumenty\/SRPS_23112023.pdf\">e<\/a>.<\/p>\n\n\n\n<p>Z\u00e1pis z jedn\u00e1n\u00ed n\u00e1hradn\u00ed valn\u00e9 hromady \u010dlen\u016f Sdru\u017een\u00ed rodi\u010d\u016f a p\u0159\u00e1tel d\u011bt\u00ed a \u0161koly p\u0159i Z\u0160 v \u010cel\u00e1kovic\u00edch dne 23. 11. 2023 ve sborovn\u011b Z\u0160 od 16 hod. <a href=\"https:\/\/www.zscelakovice.cz\/_newdokumenty\/SRPS_23112023.pdf\">zd<\/a><a href=\"https:\/\/www.zscelakovice.cz\/dokumenty\/SRPS_23112023.pdf\">e<\/a>.<\/p>\n\n\n\n<p>Z\u00e1pis z jedn\u00e1n\u00ed n\u00e1hradn\u00ed valn\u00e9 hromady \u010dlen\u016f Sdru\u017een\u00ed rodi\u010d\u016f a p\u0159\u00e1tel d\u011bt\u00ed a \u0161koly p\u0159i Z\u0160 v \u010cel\u00e1kovic\u00edch dne 27.04.2023 ve sborovn\u011b Z\u0160 od 16 hod. <a href=\"https:\/\/www.zscelakovice.cz\/_newdokumenty\/srps_27042023.pdf\" target=\"_blank\" rel=\"noreferrer noopener\">z<\/a><a href=\"https:\/\/www.zscelakovice.cz\/dokumenty\/srps_27042023.pdf\" target=\"_blank\" rel=\"noreferrer noopener\">d<\/a><a href=\"https:\/\/www.zscelakovice.cz\/_newdokumenty\/srps_27042023.pdf\" target=\"_blank\" rel=\"noreferrer noopener\">e<\/a>.<\/p>\n\n\n\n<p>Z\u00e1pis z jedn\u00e1n\u00ed n\u00e1hradn\u00ed valn\u00e9 hromady \u010dlen\u016f Sdru\u017een\u00ed rodi\u010d\u016f a p\u0159\u00e1tel d\u011bt\u00ed a \u0161koly p\u0159i Z\u0160 v \u010cel\u00e1kovic\u00edch dne 14. 11. 2019 od 16.00 hod <a href=\"https:\/\/www.zscelakovice.cz\/dokumenty\/Zapis_191114_n.pdf\">zde<\/a>.<\/p>\n\n\n\n<p>Z\u00e1pis z jedn\u00e1n\u00ed n\u00e1hradn\u00ed valn\u00e9 hromady \u010dlen\u016f Sdru\u017een\u00ed rodi\u010d\u016f a p\u0159\u00e1tel d\u011bt\u00ed a \u0161koly p\u0159i Z\u0160 v \u010cel\u00e1kovic\u00edch dne 11. 6. 2019 od 16.50 hod <a href=\"https:\/\/www.zscelakovice.cz\/dokumenty\/Zapis_11062019_nVH.pdf\" target=\"_blank\" rel=\"noreferrer noopener\">zde<\/a>.<\/p>\n\n\n\n<p>Z\u00e1pis z\u00a0jedn\u00e1n\u00ed valn\u00e9 hromady \u010dlen\u016f Sdru\u017een\u00ed rodi\u010d\u016f a p\u0159\u00e1tel d\u011bt\u00ed a \u0161koly p\u0159i\u00a0Z\u0160 v \u010cel\u00e1kovic\u00edch dne 11. 6. 2019 od 16.30 hod <a href=\"https:\/\/www.zscelakovice.cz\/dokumenty\/Zapis_11062019_VH.pdf\" target=\"_blank\" rel=\"noreferrer noopener\">zde<\/a>.<\/p>\n\n\n\n<p>Z\u00e1pis z jedn\u00e1n\u00ed n\u00e1hradn\u00ed valn\u00e9 hromady \u010dlen\u016f Sdru\u017een\u00ed rodi\u010d\u016f a p\u0159\u00e1tel d\u011bt\u00ed a \u0161koly p\u0159i Z\u0160 v \u010cel\u00e1kovic\u00edch dne 26. 5. 2022 ve sborovn\u011b Z\u0160 od 16 hod <a href=\"https:\/\/www.zscelakovice.cz\/dokumenty\/Zapis_220526.pdf\" target=\"_blank\" rel=\"noreferrer noopener\">zde<\/a>.<\/p>\n\n\n\n<p>Z\u00e1pis z jedn\u00e1n\u00ed n\u00e1hradn\u00ed valn\u00e9 hromady \u010dlen\u016f Sdru\u017een\u00ed rodi\u010d\u016f a p\u0159\u00e1tel d\u011bt\u00ed a \u0161koly p\u0159i Z\u0160 v \u010cel\u00e1kovic\u00edch dne 24. 11. 2022 ve sborovn\u011b Z\u0160 od 16 hod <a href=\"https:\/\/www.zscelakovice.cz\/dokumenty\/Zapis_SRPS_24.11.2022.pdf\" target=\"_blank\" rel=\"noreferrer noopener\">zde<\/a>.<\/p>\n\n\n\n<p>Dopln\u011bk k z\u00e1pisu z jedn\u00e1n\u00ed 20. 11. 2022 <a href=\"https:\/\/www.zscelakovice.cz\/dokumenty\/Doplnek_k_SRPS_zapisu.pdf\">zde<\/a>.<\/p>\n","protected":false},"excerpt":{"rendered":"<p>Z\u00e1pis z jedn\u00e1n\u00ed n\u00e1hradn\u00ed valn\u00e9 hromady \u010dlen\u016f Sdru\u017een\u00ed rodi\u010d\u016f a p\u0159\u00e1tel d\u011bt\u00ed a \u0161koly p\u0159i Z\u0160 v \u010cel\u00e1kovic\u00edch dne 27. &hellip; <\/p>\n","protected":false},"author":1,"featured_media":0,"parent":0,"menu_order":0,"comment_status":"closed","ping_status":"closed","template":"","meta":{"footnotes":""},"class_list":["post-912","page","type-page","status-publish","hentry","latest_post"],"_links":{"self":[{"href":"https:\/\/www.zscelakovice.cz\/_new\/index.php\/wp-json\/wp\/v2\/pages\/912","targetHints":{"allow":["GET"]}}],"collection":[{"href":"https:\/\/www.zscelakovice.cz\/_new\/index.php\/wp-json\/wp\/v2\/pages"}],"about":[{"href":"https:\/\/www.zscelakovice.cz\/_new\/index.php\/wp-json\/wp\/v2\/types\/page"}],"author":[{"embeddable":true,"href":"https:\/\/www.zscelakovice.cz\/_new\/index.php\/wp-json\/wp\/v2\/users\/1"}],"replies":[{"embeddable":true,"href":"https:\/\/www.zscelakovice.cz\/_new\/index.php\/wp-json\/wp\/v2\/comments?post=912"}],"version-history":[{"count":2,"href":"https:\/\/www.zscelakovice.cz\/_new\/index.php\/wp-json\/wp\/v2\/pages\/912\/revisions"}],"predecessor-version":[{"id":1117,"href":"https:\/\/www.zscelakovice.cz\/_new\/index.php\/wp-json\/wp\/v2\/pages\/912\/revisions\/1117"}],"wp:attachment":[{"href":"https:\/\/www.zscelakovice.cz\/_new\/index.php\/wp-json\/wp\/v2\/media?parent=912"}],"curies":[{"name":"wp","href":"https:\/\/api.w.org\/{rel}","templated":true}]}}