{"id":920,"date":"2026-01-16T14:48:52","date_gmt":"2026-01-16T14:48:52","guid":{"rendered":"https:\/\/www.zscelakovice.cz\/_new\/?page_id=920"},"modified":"2026-01-16T14:50:23","modified_gmt":"2026-01-16T14:50:23","slug":"prazdniny","status":"publish","type":"page","link":"https:\/\/www.zscelakovice.cz\/_new\/index.php\/prazdniny\/","title":{"rendered":"Pr\u00e1zdniny"},"content":{"rendered":"\n<p>Organizace \u0161koln\u00edho roku <strong>2025\/2026<\/strong> v Z\u0160,S\u0160, ZU\u0160 a konzervato\u0159\u00edch<\/p>\n\n\n\n<p><a href=\"https:\/\/msmt.gov.cz\/vzdelavani\/organizace-skolniho-roku-2025-2026-v-zs-ss-zus-a-1\">https:\/\/msmt.gov.cz\/vzdelavani\/organizace-skolniho-roku-2025-2026-v-zs-ss-zus-a-1<\/a><\/p>\n","protected":false},"excerpt":{"rendered":"<p>Organizace \u0161koln\u00edho roku 2025\/2026 v Z\u0160,S\u0160, ZU\u0160 a konzervato\u0159\u00edch https:\/\/msmt.gov.cz\/vzdelavani\/organizace-skolniho-roku-2025-2026-v-zs-ss-zus-a-1<\/p>\n","protected":false},"author":1,"featured_media":0,"parent":0,"menu_order":0,"comment_status":"closed","ping_status":"closed","template":"","meta":{"footnotes":""},"class_list":["post-920","page","type-page","status-publish","hentry","latest_post"],"_links":{"self":[{"href":"https:\/\/www.zscelakovice.cz\/_new\/index.php\/wp-json\/wp\/v2\/pages\/920","targetHints":{"allow":["GET"]}}],"collection":[{"href":"https:\/\/www.zscelakovice.cz\/_new\/index.php\/wp-json\/wp\/v2\/pages"}],"about":[{"href":"https:\/\/www.zscelakovice.cz\/_new\/index.php\/wp-json\/wp\/v2\/types\/page"}],"author":[{"embeddable":true,"href":"https:\/\/www.zscelakovice.cz\/_new\/index.php\/wp-json\/wp\/v2\/users\/1"}],"replies":[{"embeddable":true,"href":"https:\/\/www.zscelakovice.cz\/_new\/index.php\/wp-json\/wp\/v2\/comments?post=920"}],"version-history":[{"count":2,"href":"https:\/\/www.zscelakovice.cz\/_new\/index.php\/wp-json\/wp\/v2\/pages\/920\/revisions"}],"predecessor-version":[{"id":924,"href":"https:\/\/www.zscelakovice.cz\/_new\/index.php\/wp-json\/wp\/v2\/pages\/920\/revisions\/924"}],"wp:attachment":[{"href":"https:\/\/www.zscelakovice.cz\/_new\/index.php\/wp-json\/wp\/v2\/media?parent=920"}],"curies":[{"name":"wp","href":"https:\/\/api.w.org\/{rel}","templated":true}]}}