{"id":928,"date":"2026-01-16T14:54:41","date_gmt":"2026-01-16T14:54:41","guid":{"rendered":"https:\/\/www.zscelakovice.cz\/_new\/?page_id=928"},"modified":"2026-01-16T14:55:38","modified_gmt":"2026-01-16T14:55:38","slug":"zapis-do-1-tridy","status":"publish","type":"page","link":"https:\/\/www.zscelakovice.cz\/_new\/index.php\/zapis-do-1-tridy\/","title":{"rendered":"Z\u00e1pis do 1. t\u0159\u00eddy"},"content":{"rendered":"\n<p>Z\u00c1PIS DO 1. T\u0158\u00cdDY PRO \u0160KOLN\u00cd ROK 2026\/2027<\/p>\n","protected":false},"excerpt":{"rendered":"<p>Z\u00c1PIS DO 1. T\u0158\u00cdDY PRO \u0160KOLN\u00cd ROK 2026\/2027<\/p>\n","protected":false},"author":1,"featured_media":0,"parent":0,"menu_order":0,"comment_status":"closed","ping_status":"closed","template":"","meta":{"footnotes":""},"class_list":["post-928","page","type-page","status-publish","hentry","latest_post"],"_links":{"self":[{"href":"https:\/\/www.zscelakovice.cz\/_new\/index.php\/wp-json\/wp\/v2\/pages\/928","targetHints":{"allow":["GET"]}}],"collection":[{"href":"https:\/\/www.zscelakovice.cz\/_new\/index.php\/wp-json\/wp\/v2\/pages"}],"about":[{"href":"https:\/\/www.zscelakovice.cz\/_new\/index.php\/wp-json\/wp\/v2\/types\/page"}],"author":[{"embeddable":true,"href":"https:\/\/www.zscelakovice.cz\/_new\/index.php\/wp-json\/wp\/v2\/users\/1"}],"replies":[{"embeddable":true,"href":"https:\/\/www.zscelakovice.cz\/_new\/index.php\/wp-json\/wp\/v2\/comments?post=928"}],"version-history":[{"count":2,"href":"https:\/\/www.zscelakovice.cz\/_new\/index.php\/wp-json\/wp\/v2\/pages\/928\/revisions"}],"predecessor-version":[{"id":930,"href":"https:\/\/www.zscelakovice.cz\/_new\/index.php\/wp-json\/wp\/v2\/pages\/928\/revisions\/930"}],"wp:attachment":[{"href":"https:\/\/www.zscelakovice.cz\/_new\/index.php\/wp-json\/wp\/v2\/media?parent=928"}],"curies":[{"name":"wp","href":"https:\/\/api.w.org\/{rel}","templated":true}]}}